{"id":7318,"date":"2024-08-12T21:04:01","date_gmt":"2024-08-12T20:04:01","guid":{"rendered":"https:\/\/monsun.si\/lokacije\/"},"modified":"2024-11-04T17:31:13","modified_gmt":"2024-11-04T16:31:13","slug":"lokacije","status":"publish","type":"page","link":"https:\/\/monsun.si\/hr\/lokacije\/","title":{"rendered":"Lokacije"},"content":{"rendered":"<p><div class=\"fusion-bg-parallax\" data-bg-align=\"center center\" data-direction=\"down\" data-mute=\"false\" data-opacity=\"100\" data-velocity=\"-0.3\" data-mobile-enabled=\"false\" data-break_parents=\"0\" data-bg-image=\"https:\/\/monsun.si\/wp-content\/uploads\/2023\/09\/Storitve_B40.png\" data-bg-repeat=\"false\" data-bg-color=\"rgba(0,0,0,0.65)\" data-blend-mode=\"overlay\" ><\/div><div class=\"fusion-fullwidth fullwidth-box fusion-builder-row-1 fusion-flex-container has-pattern-background has-mask-background fusion-parallax-down darkenimg nonhundred-percent-fullwidth non-hundred-percent-height-scrolling lazyload\" style=\"--awb-background-blend-mode:overlay;--awb-border-radius-top-left:0px;--awb-border-radius-top-right:0px;--awb-border-radius-bottom-right:0px;--awb-border-radius-bottom-left:0px;--awb-min-height:45vh;--awb-background-color:rgba(0,0,0,0.65);--awb-background-size:cover;--awb-flex-wrap:wrap;\" data-bg=\"https:\/\/monsun.si\/wp-content\/uploads\/2023\/09\/Storitve_B40.png\" ><div class=\"fusion-builder-row fusion-row fusion-flex-align-items-flex-start fusion-flex-content-wrap\" style=\"max-width:1393.6px;margin-left: calc(-4% \/ 2 );margin-right: calc(-4% \/ 2 );\"><div class=\"fusion-layout-column fusion_builder_column fusion-builder-column-0 fusion_builder_column_1_1 1_1 fusion-flex-column fusion-flex-align-self-center\" style=\"--awb-bg-size:cover;--awb-width-large:100%;--awb-margin-top-large:0px;--awb-spacing-right-large:1.92%;--awb-margin-bottom-large:20px;--awb-spacing-left-large:1.92%;--awb-width-medium:100%;--awb-order-medium:0;--awb-spacing-right-medium:1.92%;--awb-spacing-left-medium:1.92%;--awb-width-small:100%;--awb-order-small:0;--awb-spacing-right-small:1.92%;--awb-spacing-left-small:1.92%;\"><div class=\"fusion-column-wrapper fusion-column-has-shadow fusion-flex-justify-content-center fusion-content-layout-column\"><div class=\"fusion-title title fusion-title-1 fusion-sep-none fusion-title-text fusion-title-size-one fusion-animated\" style=\"--awb-text-color:#ffffff;--awb-font-size:60px;\" data-animationType=\"fadeInLeft\" data-animationDuration=\"1.0\" data-animationOffset=\"top-into-view\"><h1 class=\"fusion-title-heading title-heading-left fusion-responsive-typography-calculated\" style=\"font-family:&quot;Montserrat&quot;;font-style:normal;font-weight:600;margin:0;font-size:1em;letter-spacing:1px;text-transform:uppercase;--fontSize:60;line-height:0.4;\"><p style=\"text-align: left;\">LOKACIJE<\/p><\/h1><\/div><div class=\"fusion-title title fusion-title-2 fusion-sep-none fusion-title-text fusion-title-size-four fusion-animated\" style=\"--awb-text-color:var(--awb-color4);--awb-font-size:30px;\" data-animationType=\"fadeInLeft\" data-animationDuration=\"1.0\" data-animationOffset=\"top-into-view\"><h4 class=\"fusion-title-heading title-heading-left fusion-responsive-typography-calculated\" style=\"font-family:&quot;Montserrat&quot;;font-style:normal;font-weight:500;margin:0;font-size:1em;letter-spacing:-1px;text-transform:uppercase;--fontSize:30;line-height:1.3;\"><div class=\"page\" title=\"Page 4\">\n<div class=\"section\">\n<div class=\"layoutArea\">\n<div class=\"column\">\n<p>najmodernija tehnologija uz logistiku na najvi\u0161oj razini<\/p>\n<\/div>\n<\/div>\n<\/div>\n<\/div><\/h4><\/div><\/div><\/div><\/div><\/div><div class=\"fusion-fullwidth fullwidth-box fusion-builder-row-2 fusion-flex-container has-pattern-background has-mask-background nonhundred-percent-fullwidth non-hundred-percent-height-scrolling\" style=\"--awb-border-radius-top-left:0px;--awb-border-radius-top-right:0px;--awb-border-radius-bottom-right:0px;--awb-border-radius-bottom-left:0px;--awb-padding-top:7%;--awb-padding-bottom:7%;--awb-flex-wrap:wrap;\" ><div class=\"fusion-builder-row fusion-row fusion-flex-align-items-flex-start fusion-flex-content-wrap\" style=\"max-width:1393.6px;margin-left: calc(-4% \/ 2 );margin-right: calc(-4% \/ 2 );\"><div class=\"fusion-layout-column fusion_builder_column fusion-builder-column-1 fusion_builder_column_1_1 1_1 fusion-flex-column\" style=\"--awb-padding-bottom:7%;--awb-padding-top-small:5%;--awb-bg-size:cover;--awb-width-large:100%;--awb-margin-top-large:0px;--awb-spacing-right-large:1.92%;--awb-margin-bottom-large:20px;--awb-spacing-left-large:1.92%;--awb-width-medium:100%;--awb-order-medium:0;--awb-spacing-right-medium:1.92%;--awb-spacing-left-medium:1.92%;--awb-width-small:100%;--awb-order-small:0;--awb-spacing-right-small:1.92%;--awb-spacing-left-small:1.92%;\"><div class=\"fusion-column-wrapper fusion-column-has-shadow fusion-flex-justify-content-flex-start fusion-content-layout-column\"><div class=\"fusion-title title fusion-title-3 fusion-sep-none fusion-title-text fusion-title-size-two fusion-animated\" style=\"--awb-text-color:var(--awb-color7);\" data-animationType=\"fadeInLeft\" data-animationDuration=\"1.0\" data-animationOffset=\"top-into-view\"><h2 class=\"fusion-title-heading title-heading-left fusion-responsive-typography-calculated\" style=\"margin:0;text-transform:none;--fontSize:52;line-height:var(--awb-typography1-line-height);\">Brinemo se da <span style=\"color: var(--awb-color4);\">va\u0161i proizvodi<\/span> uvijek budu na <span style=\"color: var(--awb-color4);\">pravom mjestu<\/span><\/h2><\/div><div class=\"fusion-text fusion-text-1 fusion-animated\" style=\"--awb-text-color:var(--awb-color7);--awb-margin-top:3%;\" data-animationType=\"fadeInLeft\" data-animationDuration=\"1.0\" data-animationOffset=\"top-into-view\"><p>Na\u0161a skladi\u0161ta u Kranju i Kozini opremljena su najsuvremenijom tehnologijom koja omogu\u0107uje optimalno upravljanje zalihama i osigurava vrhunske uvjete skladi\u0161tenja. Shva\u0107amo koliko je va\u017eno da va\u0161i proizvodi stignu na odredi\u0161te sigurno, na vrijeme i u najboljem stanju. <\/p>\n<p>Upravo zbog toga pobrinuli smo se za prilago\u0111ene temperaturne re\u017eime i vrhunsku opremljenost prostora koja nam omogu\u0107uje skladi\u0161tenje \u0161irokog spektra proizvoda, od smrznutih do svje\u017eih. Uz na\u0161u logisti\u010dku podr\u0161ku, mo\u017eete vjerovati da \u0107e va\u0161i proizvodi uvijek biti spremni za isporuku na vrijeme. <\/p>\n<\/div><\/div><\/div><div class=\"fusion-layout-column fusion_builder_column fusion-builder-column-2 fusion_builder_column_1_2 1_2 fusion-flex-column\" style=\"--awb-bg-size:cover;--awb-width-large:50%;--awb-margin-top-large:0px;--awb-spacing-right-large:3.84%;--awb-margin-bottom-large:20px;--awb-spacing-left-large:3.84%;--awb-width-medium:50%;--awb-order-medium:0;--awb-spacing-right-medium:3.84%;--awb-spacing-left-medium:3.84%;--awb-width-small:100%;--awb-order-small:0;--awb-spacing-right-small:1.92%;--awb-spacing-left-small:1.92%;\"><div class=\"fusion-column-wrapper fusion-column-has-shadow fusion-flex-justify-content-flex-start fusion-content-layout-column\"><div class=\"fusion-title title fusion-title-4 fusion-sep-none fusion-title-text fusion-title-size-two fusion-animated\" style=\"--awb-text-color:var(--awb-color7);--awb-margin-bottom:3%;\" data-animationType=\"fadeInLeft\" data-animationDuration=\"1.0\" data-animationOffset=\"top-into-view\"><h2 class=\"fusion-title-heading title-heading-left fusion-responsive-typography-calculated\" style=\"margin:0;text-transform:none;--fontSize:52;line-height:var(--awb-typography1-line-height);\">Skladi\u0161te <span style=\"color: var(--awb-color4);\">Kranj<\/span><\/h2><\/div><ul style=\"--awb-iconcolor:var(--awb-color4);--awb-line-height:30.6px;--awb-icon-width:30.6px;--awb-icon-height:30.6px;--awb-icon-margin:12.6px;--awb-content-margin:43.2px;--awb-circlecolor:#ffffff;--awb-circle-yes-font-size:15.84px;\" class=\"fusion-checklist fusion-checklist-1 fusion-checklist-default type-icons\"><li class=\"fusion-li-item\" style=\"\"><span class=\"icon-wrapper circle-yes\"><i class=\"fusion-li-icon fa-angle-double-right fas\" aria-hidden=\"true\"><\/i><\/span><div class=\"fusion-li-item-content\">\n<p>3000 m <sup>2<\/sup> kapaciteta<\/p>\n<\/div><\/li><li class=\"fusion-li-item\" style=\"\"><span class=\"icon-wrapper circle-yes\"><i class=\"fusion-li-icon fa-angle-double-right fas\" aria-hidden=\"true\"><\/i><\/span><div class=\"fusion-li-item-content\">\n<p>1370 paletnih mjesta uz temperaturni re\u017eim od -20\u00b0C i naprednu MOVO tehnologiju<\/p>\n<\/div><\/li><li class=\"fusion-li-item\" style=\"\"><span class=\"icon-wrapper circle-yes\"><i class=\"fusion-li-icon fa-angle-double-right fas\" aria-hidden=\"true\"><\/i><\/span><div class=\"fusion-li-item-content\">\n<p>205 paletnih mjesta uz temperaturni re\u017eim od -20\u00b0C i naprednu tehnologiju sustava zakivanja<\/p>\n<\/div><\/li><li class=\"fusion-li-item\" style=\"\"><span class=\"icon-wrapper circle-yes\"><i class=\"fusion-li-icon fa-angle-double-right fas\" aria-hidden=\"true\"><\/i><\/span><div class=\"fusion-li-item-content\">\n<p>95 paletnih mjesta temperaturnog re\u017eima +2,5\u00b0C za skladi\u0161tenje raznih vrsta sireva i ostalih mlije\u010dnih i mesnih proizvoda<\/p>\n<\/div><\/li><li class=\"fusion-li-item\" style=\"\"><span class=\"icon-wrapper circle-yes\"><i class=\"fusion-li-icon fa-angle-double-right fas\" aria-hidden=\"true\"><\/i><\/span><div class=\"fusion-li-item-content\">\n<p>80 paletnih mjesta uz temperaturni re\u017eim od +2\u00b0C za skladi\u0161tenje svih vrsta svje\u017eeg mesa<\/p>\n<\/div><\/li><li class=\"fusion-li-item\" style=\"\"><span class=\"icon-wrapper circle-yes\"><i class=\"fusion-li-icon fa-angle-double-right fas\" aria-hidden=\"true\"><\/i><\/span><div class=\"fusion-li-item-content\">105 paletnih mjesta bez temperaturnog re\u017eima (suho skladi\u0161te)<\/div><\/li><\/ul><\/div><\/div><div class=\"fusion-layout-column fusion_builder_column fusion-builder-column-3 fusion_builder_column_1_2 1_2 fusion-flex-column\" style=\"--awb-bg-size:cover;--awb-width-large:50%;--awb-margin-top-large:0px;--awb-spacing-right-large:3.84%;--awb-margin-bottom-large:20px;--awb-spacing-left-large:3.84%;--awb-width-medium:50%;--awb-order-medium:0;--awb-spacing-right-medium:3.84%;--awb-spacing-left-medium:3.84%;--awb-width-small:100%;--awb-order-small:0;--awb-spacing-right-small:1.92%;--awb-spacing-left-small:1.92%;\"><div class=\"fusion-column-wrapper fusion-column-has-shadow fusion-flex-justify-content-flex-start fusion-content-layout-column\"><div class=\"fusion-title title fusion-title-5 fusion-sep-none fusion-title-text fusion-title-size-two fusion-animated\" style=\"--awb-text-color:var(--awb-color7);--awb-margin-bottom:3%;\" data-animationType=\"fadeInLeft\" data-animationDuration=\"1.0\" data-animationOffset=\"top-into-view\"><h2 class=\"fusion-title-heading title-heading-left fusion-responsive-typography-calculated\" style=\"margin:0;text-transform:none;--fontSize:52;line-height:var(--awb-typography1-line-height);\">Skladi\u0161te <span style=\"color: var(--awb-color4);\">Kozina<\/span><\/h2><\/div><ul style=\"--awb-iconcolor:var(--awb-color4);--awb-line-height:30.6px;--awb-icon-width:30.6px;--awb-icon-height:30.6px;--awb-icon-margin:12.6px;--awb-content-margin:43.2px;--awb-circlecolor:#ffffff;--awb-circle-yes-font-size:15.84px;\" class=\"fusion-checklist fusion-checklist-2 fusion-checklist-default type-icons\"><li class=\"fusion-li-item\" style=\"\"><span class=\"icon-wrapper circle-yes\"><i class=\"fusion-li-icon fa-angle-double-right fas\" aria-hidden=\"true\"><\/i><\/span><div class=\"fusion-li-item-content\">1760m <sup>2<\/sup> kapaciteta<\/div><\/li><li class=\"fusion-li-item\" style=\"\"><span class=\"icon-wrapper circle-yes\"><i class=\"fusion-li-icon fa-angle-double-right fas\" aria-hidden=\"true\"><\/i><\/span><div class=\"fusion-li-item-content\">\n<p>400 paletnih mjesta uz temperaturni re\u017eim od -20\u00b0C<\/p>\n<\/div><\/li><li class=\"fusion-li-item\" style=\"\"><span class=\"icon-wrapper circle-yes\"><i class=\"fusion-li-icon fa-angle-double-right fas\" aria-hidden=\"true\"><\/i><\/span><div class=\"fusion-li-item-content\">\n<p>200 paletnih mjesta uz temperaturni re\u017eim +2\u00b0C<\/p>\n<\/div><\/li><li class=\"fusion-li-item\" style=\"\"><span class=\"icon-wrapper circle-yes\"><i class=\"fusion-li-icon fa-angle-double-right fas\" aria-hidden=\"true\"><\/i><\/span><div class=\"fusion-li-item-content\">200 paleta bez temperaturnog re\u017eima (suho skladi\u0161te)<\/div><\/li><li class=\"fusion-li-item\" style=\"\"><span class=\"icon-wrapper circle-yes\"><i class=\"fusion-li-icon fa-angle-double-right fas\" aria-hidden=\"true\"><\/i><\/span><div class=\"fusion-li-item-content\">Skladi\u0161te se prvenstveno koristi kao platforma za nabavu i prodaju segmenta svje\u017ee ribe.<\/div><\/li><\/ul><\/div><\/div><\/div><\/div><\/p>\n","protected":false},"excerpt":{"rendered":"","protected":false},"author":1,"featured_media":0,"parent":0,"menu_order":0,"comment_status":"closed","ping_status":"closed","template":"100-width.php","meta":{"footnotes":""},"class_list":["post-7318","page","type-page","status-publish","hentry"],"yoast_head":"<!-- This site is optimized with the Yoast SEO plugin v23.5 - https:\/\/yoast.com\/wordpress\/plugins\/seo\/ -->\n<title>Lokacije - Monsun<\/title>\n<meta name=\"description\" content=\"Najmodernija tehnologija uz logistiku na najvi\u0161oj razini\" \/>\n<meta name=\"robots\" content=\"index, follow, max-snippet:-1, max-image-preview:large, max-video-preview:-1\" \/>\n<link rel=\"canonical\" href=\"https:\/\/monsun.si\/hr\/lokacije\/\" \/>\n<meta property=\"og:locale\" content=\"hr_HR\" \/>\n<meta property=\"og:type\" content=\"article\" \/>\n<meta property=\"og:title\" content=\"Lokacije - Monsun\" \/>\n<meta property=\"og:description\" content=\"Najmodernija tehnologija uz logistiku na najvi\u0161oj razini\" \/>\n<meta property=\"og:url\" content=\"https:\/\/monsun.si\/hr\/lokacije\/\" \/>\n<meta property=\"og:site_name\" content=\"Monsun\" \/>\n<meta property=\"article:publisher\" content=\"https:\/\/www.facebook.com\/monsunslovenija\" \/>\n<meta property=\"article:modified_time\" content=\"2024-11-04T16:31:13+00:00\" \/>\n<meta name=\"twitter:card\" content=\"summary_large_image\" \/>\n<meta name=\"twitter:label1\" content=\"Procijenjeno vrijeme \u010ditanja\" \/>\n\t<meta name=\"twitter:data1\" content=\"11 minuta\" \/>\n<script type=\"application\/ld+json\" class=\"yoast-schema-graph\">{\"@context\":\"https:\/\/schema.org\",\"@graph\":[{\"@type\":\"WebPage\",\"@id\":\"https:\/\/monsun.si\/hr\/lokacije\/\",\"url\":\"https:\/\/monsun.si\/hr\/lokacije\/\",\"name\":\"Lokacije - Monsun\",\"isPartOf\":{\"@id\":\"https:\/\/monsun.si\/hr\/#website\"},\"datePublished\":\"2024-08-12T20:04:01+00:00\",\"dateModified\":\"2024-11-04T16:31:13+00:00\",\"description\":\"Najmodernija tehnologija uz logistiku na najvi\u0161oj razini\",\"breadcrumb\":{\"@id\":\"https:\/\/monsun.si\/hr\/lokacije\/#breadcrumb\"},\"inLanguage\":\"hr\",\"potentialAction\":[{\"@type\":\"ReadAction\",\"target\":[\"https:\/\/monsun.si\/hr\/lokacije\/\"]}]},{\"@type\":\"BreadcrumbList\",\"@id\":\"https:\/\/monsun.si\/hr\/lokacije\/#breadcrumb\",\"itemListElement\":[{\"@type\":\"ListItem\",\"position\":1,\"name\":\"Home\",\"item\":\"https:\/\/monsun.si\/hr\/\"},{\"@type\":\"ListItem\",\"position\":2,\"name\":\"Lokacije\"}]},{\"@type\":\"WebSite\",\"@id\":\"https:\/\/monsun.si\/hr\/#website\",\"url\":\"https:\/\/monsun.si\/hr\/\",\"name\":\"Monsun\",\"description\":\"Kvaliteten in zanesljiv partner!\",\"publisher\":{\"@id\":\"https:\/\/monsun.si\/hr\/#organization\"},\"potentialAction\":[{\"@type\":\"SearchAction\",\"target\":{\"@type\":\"EntryPoint\",\"urlTemplate\":\"https:\/\/monsun.si\/hr\/?s={search_term_string}\"},\"query-input\":{\"@type\":\"PropertyValueSpecification\",\"valueRequired\":true,\"valueName\":\"search_term_string\"}}],\"inLanguage\":\"hr\"},{\"@type\":\"Organization\",\"@id\":\"https:\/\/monsun.si\/hr\/#organization\",\"name\":\"Monsun\",\"url\":\"https:\/\/monsun.si\/hr\/\",\"logo\":{\"@type\":\"ImageObject\",\"inLanguage\":\"hr\",\"@id\":\"https:\/\/monsun.si\/hr\/#\/schema\/logo\/image\/\",\"url\":\"https:\/\/monsun.si\/wp-content\/uploads\/2023\/07\/Monsun_Logo_Color_Black-1.png\",\"contentUrl\":\"https:\/\/monsun.si\/wp-content\/uploads\/2023\/07\/Monsun_Logo_Color_Black-1.png\",\"width\":2191,\"height\":445,\"caption\":\"Monsun\"},\"image\":{\"@id\":\"https:\/\/monsun.si\/hr\/#\/schema\/logo\/image\/\"},\"sameAs\":[\"https:\/\/www.facebook.com\/monsunslovenija\"]}]}<\/script>\n<!-- \/ Yoast SEO plugin. -->","yoast_head_json":{"title":"Lokacije - Monsun","description":"Najmodernija tehnologija uz logistiku na najvi\u0161oj razini","robots":{"index":"index","follow":"follow","max-snippet":"max-snippet:-1","max-image-preview":"max-image-preview:large","max-video-preview":"max-video-preview:-1"},"canonical":"https:\/\/monsun.si\/hr\/lokacije\/","og_locale":"hr_HR","og_type":"article","og_title":"Lokacije - Monsun","og_description":"Najmodernija tehnologija uz logistiku na najvi\u0161oj razini","og_url":"https:\/\/monsun.si\/hr\/lokacije\/","og_site_name":"Monsun","article_publisher":"https:\/\/www.facebook.com\/monsunslovenija","article_modified_time":"2024-11-04T16:31:13+00:00","twitter_card":"summary_large_image","twitter_misc":{"Procijenjeno vrijeme \u010ditanja":"11 minuta"},"schema":{"@context":"https:\/\/schema.org","@graph":[{"@type":"WebPage","@id":"https:\/\/monsun.si\/hr\/lokacije\/","url":"https:\/\/monsun.si\/hr\/lokacije\/","name":"Lokacije - Monsun","isPartOf":{"@id":"https:\/\/monsun.si\/hr\/#website"},"datePublished":"2024-08-12T20:04:01+00:00","dateModified":"2024-11-04T16:31:13+00:00","description":"Najmodernija tehnologija uz logistiku na najvi\u0161oj razini","breadcrumb":{"@id":"https:\/\/monsun.si\/hr\/lokacije\/#breadcrumb"},"inLanguage":"hr","potentialAction":[{"@type":"ReadAction","target":["https:\/\/monsun.si\/hr\/lokacije\/"]}]},{"@type":"BreadcrumbList","@id":"https:\/\/monsun.si\/hr\/lokacije\/#breadcrumb","itemListElement":[{"@type":"ListItem","position":1,"name":"Home","item":"https:\/\/monsun.si\/hr\/"},{"@type":"ListItem","position":2,"name":"Lokacije"}]},{"@type":"WebSite","@id":"https:\/\/monsun.si\/hr\/#website","url":"https:\/\/monsun.si\/hr\/","name":"Monsun","description":"Kvaliteten in zanesljiv partner!","publisher":{"@id":"https:\/\/monsun.si\/hr\/#organization"},"potentialAction":[{"@type":"SearchAction","target":{"@type":"EntryPoint","urlTemplate":"https:\/\/monsun.si\/hr\/?s={search_term_string}"},"query-input":{"@type":"PropertyValueSpecification","valueRequired":true,"valueName":"search_term_string"}}],"inLanguage":"hr"},{"@type":"Organization","@id":"https:\/\/monsun.si\/hr\/#organization","name":"Monsun","url":"https:\/\/monsun.si\/hr\/","logo":{"@type":"ImageObject","inLanguage":"hr","@id":"https:\/\/monsun.si\/hr\/#\/schema\/logo\/image\/","url":"https:\/\/monsun.si\/wp-content\/uploads\/2023\/07\/Monsun_Logo_Color_Black-1.png","contentUrl":"https:\/\/monsun.si\/wp-content\/uploads\/2023\/07\/Monsun_Logo_Color_Black-1.png","width":2191,"height":445,"caption":"Monsun"},"image":{"@id":"https:\/\/monsun.si\/hr\/#\/schema\/logo\/image\/"},"sameAs":["https:\/\/www.facebook.com\/monsunslovenija"]}]}},"_links":{"self":[{"href":"https:\/\/monsun.si\/hr\/wp-json\/wp\/v2\/pages\/7318","targetHints":{"allow":["GET"]}}],"collection":[{"href":"https:\/\/monsun.si\/hr\/wp-json\/wp\/v2\/pages"}],"about":[{"href":"https:\/\/monsun.si\/hr\/wp-json\/wp\/v2\/types\/page"}],"author":[{"embeddable":true,"href":"https:\/\/monsun.si\/hr\/wp-json\/wp\/v2\/users\/1"}],"replies":[{"embeddable":true,"href":"https:\/\/monsun.si\/hr\/wp-json\/wp\/v2\/comments?post=7318"}],"version-history":[{"count":7,"href":"https:\/\/monsun.si\/hr\/wp-json\/wp\/v2\/pages\/7318\/revisions"}],"predecessor-version":[{"id":7536,"href":"https:\/\/monsun.si\/hr\/wp-json\/wp\/v2\/pages\/7318\/revisions\/7536"}],"wp:attachment":[{"href":"https:\/\/monsun.si\/hr\/wp-json\/wp\/v2\/media?parent=7318"}],"curies":[{"name":"wp","href":"https:\/\/api.w.org\/{rel}","templated":true}]}}